{"id":183,"date":"2023-11-09T15:12:22","date_gmt":"2023-11-09T18:12:22","guid":{"rendered":"http:\/\/passatoreconsultoria.com.br\/?page_id=183"},"modified":"2023-11-20T10:58:37","modified_gmt":"2023-11-20T13:58:37","slug":"grafeno","status":"publish","type":"page","link":"http:\/\/passatoreconsultoria.com.br\/?page_id=183","title":{"rendered":"Grafeno &#8211; Comercializamos a pronta entrega!"},"content":{"rendered":"\n<h1 class=\"wp-block-heading\">O que \u00e9 grafeno ?<\/h1>\n\n\n\n<div class=\"wp-block-columns are-vertically-aligned-center is-layout-flex wp-container-3 wp-block-columns-is-layout-flex\">\n<div class=\"wp-block-column is-layout-flow wp-block-column-is-layout-flow\" style=\"flex-basis:33.33%\">\n<figure class=\"wp-block-image size-full is-resized\"><img decoding=\"async\" loading=\"lazy\" width=\"284\" height=\"189\" src=\"http:\/\/passatoreconsultoria.com.br\/wp-content\/uploads\/2023\/11\/Grafeno1.jpg\" alt=\"\" class=\"wp-image-168\" style=\"aspect-ratio:1.5026455026455026;width:275px;height:auto\"\/><\/figure>\n<\/div>\n\n\n\n<div class=\"wp-block-column is-layout-flow wp-block-column-is-layout-flow\" style=\"flex-basis:66.66%\">\n<ul>\n<li>\u00c9 um material sint\u00e9tico, produzido a partir do grafite que possui 1 camada de \u00e1tomos de carbono, formando uma estrutura cristalina hexagonal bidimensional \u2013 2D.<\/li>\n\n\n\n<li>Sintetizado em 2004.<\/li>\n\n\n\n<li>Difundido a partir de 2010 (pr\u00eamio Nobel de F\u00edsica).<\/li>\n\n\n\n<li>Poucos fabricantes confi\u00e1veis no mundo \u2013 menos de 10.<\/li>\n<\/ul>\n<\/div>\n<\/div>\n\n\n\n<h3 class=\"wp-block-heading\"><strong>Suas principais propriedades<\/strong><\/h3>\n\n\n\n<div class=\"wp-block-columns is-layout-flex wp-container-6 wp-block-columns-is-layout-flex\">\n<div class=\"wp-block-column is-layout-flow wp-block-column-is-layout-flow\" style=\"flex-basis:33.33%\">\n<figure class=\"wp-block-image size-full is-resized\"><img decoding=\"async\" loading=\"lazy\" width=\"252\" height=\"170\" src=\"http:\/\/passatoreconsultoria.com.br\/wp-content\/uploads\/2023\/11\/Grafeno2.jpg\" alt=\"\" class=\"wp-image-169\" style=\"aspect-ratio:1.4823529411764707;width:275px;height:auto\"\/><\/figure>\n<\/div>\n\n\n\n<div class=\"wp-block-column is-layout-flow wp-block-column-is-layout-flow\" style=\"flex-basis:66.66%\">\n<ul>\n<li>Muito forte e resistente mecanicamente.<\/li>\n\n\n\n<li>Material muito fino, escala nanom\u00e9trica.<\/li>\n\n\n\n<li>Enorme \u00e1rea superficial.<\/li>\n\n\n\n<li>Excelente condutor t\u00e9rmico.<\/li>\n\n\n\n<li>Excelente condutor el\u00e9trico.<\/li>\n\n\n\n<li>Muito resistente a corros\u00e3o.<\/li>\n\n\n\n<li>Aumenta a temperatura Tg dos materiais.<\/li>\n\n\n\n<li>Imperme\u00e1vel a \u00e1gua.<\/li>\n\n\n\n<li>Retardante a chama.<\/li>\n\n\n\n<li>Resistencia a luz UV<\/li>\n<\/ul>\n<\/div>\n<\/div>\n\n\n\n<h3 class=\"wp-block-heading\">Tipos e diferen\u00e7as dos grafenos<\/h3>\n\n\n\n<p>*De acordo com a ISO-TC 21356-1 2021 &#8211; Nanotechnologies \u2014 Structural characterization of graphene \u2014 Part 1: Graphene from powders and dispersions<\/p>\n\n\n\n<h2 class=\"wp-block-heading\">Grafeno (1LG)<\/h2>\n\n\n\n<p>1 \u00fanica camada de \u00e1tomos de C, dif\u00edcil de produzir industrialmente com qualidade, portanto muito caro, mas com propriedades espetaculares (em escala de laborat\u00f3rio).<\/p>\n\n\n\n<h2 class=\"wp-block-heading\"><strong>Grafeno de Poucas Camadas (FLG)\u2013 produto ofertado<\/strong><\/h2>\n\n\n\n<p><strong>De 3 a 10 camadas, produto industrial e comercial, pre\u00e7o acess\u00edvel, boas propriedades.<\/strong><\/p>\n\n\n\n<h2 class=\"wp-block-heading\">\u00d3xido de Grafeno (OG)<\/h2>\n\n\n\n<p>Produto industrial e comercial, pre\u00e7o acess\u00edvel, boas propriedades, com aditiva\u00e7\u00e3o (grupos funcionais) que melhoram suas propriedades e suas aplica\u00e7\u00f5es em comp\u00f3sitos.<\/p>\n\n\n\n<h2 class=\"wp-block-heading\"><strong>Aplica\u00e7\u00f5es<\/strong><\/h2>\n\n\n\n<h4 class=\"wp-block-heading\">Como comp\u00f3sitos (matriz com part\u00edculas de grafeno).<\/h4>\n\n\n\n<ul>\n<li>Impress\u00e3o 3D &#8211; Filamentos condutivos<\/li>\n\n\n\n<li>Resina de Cura UV<\/li>\n\n\n\n<li>Capacetes<\/li>\n\n\n\n<li>Pe\u00e7as automobil\u00edsticas.<\/li>\n\n\n\n<li>Raquete de Beach Tennis e utilidades esportivas.<\/li>\n\n\n\n<li>Eletrodos de baterias.<\/li>\n\n\n\n<li>Armamentos.<\/li>\n\n\n\n<li>Pe\u00e7as de seguran\u00e7a, coletes, luvas.<\/li>\n\n\n\n<li>Tintas anticorrosivas e mar\u00edtimas<\/li>\n\n\n\n<li>Lubrificantes e graxas.<\/li>\n\n\n\n<li>Elast\u00f4meros.Lubrificantes, desmoldantes e graxas.<\/li>\n\n\n\n<li>Tecidos resistentes a abras\u00e3o.<\/li>\n<\/ul>\n\n\n\n<p>Exemplos:<\/p>\n\n\n\n<div class=\"wp-block-group is-nowrap is-layout-flex wp-container-7 wp-block-group-is-layout-flex\">\n<figure class=\"wp-block-image size-full\"><img decoding=\"async\" loading=\"lazy\" width=\"178\" height=\"177\" src=\"http:\/\/passatoreconsultoria.com.br\/wp-content\/uploads\/2023\/11\/Aplic01.png\" alt=\"\" class=\"wp-image-172\" srcset=\"http:\/\/passatoreconsultoria.com.br\/wp-content\/uploads\/2023\/11\/Aplic01.png 178w, http:\/\/passatoreconsultoria.com.br\/wp-content\/uploads\/2023\/11\/Aplic01-150x150.png 150w\" sizes=\"(max-width: 178px) 100vw, 178px\" \/><\/figure>\n\n\n\n<figure class=\"wp-block-image size-full\"><img decoding=\"async\" loading=\"lazy\" width=\"111\" height=\"113\" src=\"http:\/\/passatoreconsultoria.com.br\/wp-content\/uploads\/2023\/11\/Aplic02.jpg\" alt=\"\" class=\"wp-image-173\"\/><\/figure>\n\n\n\n<figure class=\"wp-block-image size-large is-resized\"><img decoding=\"async\" loading=\"lazy\" width=\"774\" height=\"1024\" src=\"http:\/\/passatoreconsultoria.com.br\/wp-content\/uploads\/2023\/11\/WhatsApp-Image-2023-11-20-at-10.49.06-4-774x1024.jpeg\" alt=\"\" class=\"wp-image-270\" style=\"aspect-ratio:0.7998046875;width:106px;height:auto\" srcset=\"http:\/\/passatoreconsultoria.com.br\/wp-content\/uploads\/2023\/11\/WhatsApp-Image-2023-11-20-at-10.49.06-4-774x1024.jpeg 774w, http:\/\/passatoreconsultoria.com.br\/wp-content\/uploads\/2023\/11\/WhatsApp-Image-2023-11-20-at-10.49.06-4-227x300.jpeg 227w, http:\/\/passatoreconsultoria.com.br\/wp-content\/uploads\/2023\/11\/WhatsApp-Image-2023-11-20-at-10.49.06-4-768x1017.jpeg 768w, http:\/\/passatoreconsultoria.com.br\/wp-content\/uploads\/2023\/11\/WhatsApp-Image-2023-11-20-at-10.49.06-4.jpeg 1158w\" sizes=\"(max-width: 774px) 100vw, 774px\" \/><\/figure>\n\n\n\n<figure class=\"wp-block-image size-full\"><img decoding=\"async\" loading=\"lazy\" width=\"114\" height=\"113\" src=\"http:\/\/passatoreconsultoria.com.br\/wp-content\/uploads\/2023\/11\/Aplic05.jpg\" alt=\"\" class=\"wp-image-176\"\/><\/figure>\n\n\n\n<figure class=\"wp-block-image size-full\"><img decoding=\"async\" loading=\"lazy\" width=\"112\" height=\"113\" src=\"http:\/\/passatoreconsultoria.com.br\/wp-content\/uploads\/2023\/11\/Aplic07-1.jpg\" alt=\"\" class=\"wp-image-180\"\/><\/figure>\n\n\n\n<figure class=\"wp-block-image size-full\"><img decoding=\"async\" loading=\"lazy\" width=\"203\" height=\"113\" src=\"http:\/\/passatoreconsultoria.com.br\/wp-content\/uploads\/2023\/11\/Aplic08.jpg\" alt=\"\" class=\"wp-image-181\"\/><\/figure>\n<\/div>\n\n\n\n<h2 class=\"wp-block-heading\"><strong>J\u00e1 pensou em utilizar grafeno em seus projetos ?<\/strong><\/h2>\n\n\n\n<p>A Passatore Consultoria \u00e9 especializada em projetos especiais, desenvolvendo o produto certo para \u00e0 aplica\u00e7\u00e3o desejada. Se precisar incluir Grafeno em seus produtos a Passatore poder\u00e1 lhe auxiliar neste processo e projeto! Entre em contato conosco!<\/p>\n","protected":false},"excerpt":{"rendered":"<p>O que \u00e9 grafeno ? Suas principais propriedades Tipos e diferen\u00e7as dos grafenos *De acordo com a ISO-TC 21356-1 2021 &#8211; Nanotechnologies \u2014 Structural characterization of graphene \u2014 Part 1: Graphene from powders and dispersions Grafeno (1LG) 1 \u00fanica camada de \u00e1tomos de C, dif\u00edcil de produzir industrialmente com qualidade, portanto muito caro, mas com [&hellip;]<\/p>\n","protected":false},"author":1,"featured_media":0,"parent":0,"menu_order":0,"comment_status":"closed","ping_status":"closed","template":"","meta":{"footnotes":""},"aioseo_notices":[],"_links":{"self":[{"href":"http:\/\/passatoreconsultoria.com.br\/index.php?rest_route=\/wp\/v2\/pages\/183"}],"collection":[{"href":"http:\/\/passatoreconsultoria.com.br\/index.php?rest_route=\/wp\/v2\/pages"}],"about":[{"href":"http:\/\/passatoreconsultoria.com.br\/index.php?rest_route=\/wp\/v2\/types\/page"}],"author":[{"embeddable":true,"href":"http:\/\/passatoreconsultoria.com.br\/index.php?rest_route=\/wp\/v2\/users\/1"}],"replies":[{"embeddable":true,"href":"http:\/\/passatoreconsultoria.com.br\/index.php?rest_route=%2Fwp%2Fv2%2Fcomments&post=183"}],"version-history":[{"count":6,"href":"http:\/\/passatoreconsultoria.com.br\/index.php?rest_route=\/wp\/v2\/pages\/183\/revisions"}],"predecessor-version":[{"id":276,"href":"http:\/\/passatoreconsultoria.com.br\/index.php?rest_route=\/wp\/v2\/pages\/183\/revisions\/276"}],"wp:attachment":[{"href":"http:\/\/passatoreconsultoria.com.br\/index.php?rest_route=%2Fwp%2Fv2%2Fmedia&parent=183"}],"curies":[{"name":"wp","href":"https:\/\/api.w.org\/{rel}","templated":true}]}}