{"id":194,"date":"2023-11-09T15:32:46","date_gmt":"2023-11-09T18:32:46","guid":{"rendered":"http:\/\/passatoreconsultoria.com.br\/?page_id=194"},"modified":"2023-11-24T10:11:09","modified_gmt":"2023-11-24T13:11:09","slug":"produtos","status":"publish","type":"page","link":"http:\/\/passatoreconsultoria.com.br\/?page_id=194","title":{"rendered":"Produtos"},"content":{"rendered":"\n<p><\/p>\n\n\n\n<h2 class=\"wp-block-heading\"><strong>Representa\u00e7\u00e3o Comercial ou Revenda:<\/strong><\/h2>\n\n\n\n<div class=\"wp-block-columns is-layout-flex wp-container-4 wp-block-columns-is-layout-flex\">\n<div class=\"wp-block-column is-layout-flow wp-block-column-is-layout-flow\">\n<figure class=\"wp-block-image size-large is-resized\"><img decoding=\"async\" loading=\"lazy\" width=\"152\" height=\"151\" src=\"http:\/\/passatoreconsultoria.com.br\/wp-content\/uploads\/2023\/11\/Resina-1.jpg\" alt=\"\" class=\"wp-image-89\" style=\"aspect-ratio:1.0066225165562914;width:262px;height:auto\" srcset=\"http:\/\/passatoreconsultoria.com.br\/wp-content\/uploads\/2023\/11\/Resina-1.jpg 152w, http:\/\/passatoreconsultoria.com.br\/wp-content\/uploads\/2023\/11\/Resina-1-150x150.jpg 150w\" sizes=\"(max-width: 152px) 100vw, 152px\" \/><figcaption class=\"wp-element-caption\"><strong>Resinas Termopl\u00e1sticas<\/strong><br><strong>(PETg,&nbsp; PET- PCR, ABS, PBAT, PLA, PE, PP)<\/strong><\/figcaption><\/figure>\n<\/div>\n\n\n\n<div class=\"wp-block-column is-layout-flow wp-block-column-is-layout-flow\">\n<figure class=\"wp-block-image size-large is-resized\"><img decoding=\"async\" loading=\"lazy\" width=\"199\" height=\"183\" src=\"http:\/\/passatoreconsultoria.com.br\/wp-content\/uploads\/2023\/11\/Grafeno.jpg\" alt=\"\" class=\"wp-image-90\" style=\"aspect-ratio:1.0874316939890711;width:282px;height:auto\"\/><figcaption class=\"wp-element-caption\"><strong>Grafeno<\/strong><br><strong>(part\u00edcula, dispers\u00f5es l\u00edquidas ou masterbatch)<\/strong><\/figcaption><\/figure>\n<\/div>\n\n\n\n<div class=\"wp-block-column is-layout-flow wp-block-column-is-layout-flow\">\n<figure class=\"wp-block-image size-large is-resized\"><img decoding=\"async\" loading=\"lazy\" width=\"173\" height=\"152\" src=\"http:\/\/passatoreconsultoria.com.br\/wp-content\/uploads\/2023\/11\/Ceras.jpg\" alt=\"\" class=\"wp-image-91\" style=\"aspect-ratio:1.138157894736842;width:289px;height:auto\"\/><figcaption class=\"wp-element-caption\"><strong>Ceras e aditivos<\/strong><\/figcaption><\/figure>\n<\/div>\n<\/div>\n\n\n\n<h1 class=\"wp-block-heading\">Produtos<\/h1>\n\n\n\n<p>Alguns de nossos produtos que est\u00e3o revolucionando o mercado:<\/p>\n\n\n\n<p>Filamentos e Resinas para impress\u00e3o 3D.<\/p>\n\n\n\n<p>Raquetes de Beach Tennis com part\u00edculas de grafeno.<\/p>\n\n\n\n<figure class=\"wp-block-image size-large\"><img decoding=\"async\" loading=\"lazy\" width=\"1024\" height=\"1024\" src=\"http:\/\/passatoreconsultoria.com.br\/wp-content\/uploads\/2023\/11\/Prod01-1024x1024.jpg\" alt=\"\" class=\"wp-image-195\" srcset=\"http:\/\/passatoreconsultoria.com.br\/wp-content\/uploads\/2023\/11\/Prod01-1024x1024.jpg 1024w, http:\/\/passatoreconsultoria.com.br\/wp-content\/uploads\/2023\/11\/Prod01-300x300.jpg 300w, http:\/\/passatoreconsultoria.com.br\/wp-content\/uploads\/2023\/11\/Prod01-150x150.jpg 150w, http:\/\/passatoreconsultoria.com.br\/wp-content\/uploads\/2023\/11\/Prod01-768x768.jpg 768w, http:\/\/passatoreconsultoria.com.br\/wp-content\/uploads\/2023\/11\/Prod01.jpg 1280w\" sizes=\"(max-width: 1024px) 100vw, 1024px\" \/><\/figure>\n\n\n\n<figure class=\"wp-block-image size-large\"><img decoding=\"async\" loading=\"lazy\" width=\"1024\" height=\"1024\" src=\"http:\/\/passatoreconsultoria.com.br\/wp-content\/uploads\/2023\/11\/Prod02-1024x1024.jpg\" alt=\"\" class=\"wp-image-196\" srcset=\"http:\/\/passatoreconsultoria.com.br\/wp-content\/uploads\/2023\/11\/Prod02-1024x1024.jpg 1024w, http:\/\/passatoreconsultoria.com.br\/wp-content\/uploads\/2023\/11\/Prod02-300x300.jpg 300w, http:\/\/passatoreconsultoria.com.br\/wp-content\/uploads\/2023\/11\/Prod02-150x150.jpg 150w, http:\/\/passatoreconsultoria.com.br\/wp-content\/uploads\/2023\/11\/Prod02-768x768.jpg 768w, http:\/\/passatoreconsultoria.com.br\/wp-content\/uploads\/2023\/11\/Prod02-1536x1536.jpg 1536w, http:\/\/passatoreconsultoria.com.br\/wp-content\/uploads\/2023\/11\/Prod02.jpg 1600w\" sizes=\"(max-width: 1024px) 100vw, 1024px\" \/><\/figure>\n\n\n\n<figure class=\"wp-block-image size-large\"><img decoding=\"async\" loading=\"lazy\" width=\"977\" height=\"1024\" src=\"http:\/\/passatoreconsultoria.com.br\/wp-content\/uploads\/2023\/11\/WhatsApp-Image-2023-11-20-at-10.49.06-1-1-977x1024.jpeg\" alt=\"\" class=\"wp-image-271\" srcset=\"http:\/\/passatoreconsultoria.com.br\/wp-content\/uploads\/2023\/11\/WhatsApp-Image-2023-11-20-at-10.49.06-1-1-977x1024.jpeg 977w, http:\/\/passatoreconsultoria.com.br\/wp-content\/uploads\/2023\/11\/WhatsApp-Image-2023-11-20-at-10.49.06-1-1-286x300.jpeg 286w, http:\/\/passatoreconsultoria.com.br\/wp-content\/uploads\/2023\/11\/WhatsApp-Image-2023-11-20-at-10.49.06-1-1-768x805.jpeg 768w, http:\/\/passatoreconsultoria.com.br\/wp-content\/uploads\/2023\/11\/WhatsApp-Image-2023-11-20-at-10.49.06-1-1.jpeg 1201w\" sizes=\"(max-width: 977px) 100vw, 977px\" \/><\/figure>\n\n\n\n<p>A LCM e a Passatore Consultoria trazem hoje, a maior inova\u00e7\u00e3o do mercado de Beach Tennis, a raquete \u00e9 fabricada no Brasil com part\u00edculas de grafeno em 100% de sua estrutura, com uma alta tecnologia que a torna mais leve que os modelos de fibra de vidro e carbono.<br>A Raquete de Beach Tennis LCM Graphene traz maior estabilidade dimensional, proporcionando movimentos mais \u00e1geis, com maior estabilidade na raquete, permite mais for\u00e7a nos arremates, com maior transfer\u00eancia de energia nas jogadas e \u00e9 mais resistente \u00e0 quebras. <br>Ao adquirir a Raquete LCM Graphene, voc\u00ea leva para casa qualidade, inova\u00e7\u00e3o e a tecnologia de ponta das nanopart\u00edculas de grafeno comercializadas pela Passatore.<\/p>\n\n\n\n<p><\/p>\n","protected":false},"excerpt":{"rendered":"<p>Representa\u00e7\u00e3o Comercial ou Revenda: Produtos Alguns de nossos produtos que est\u00e3o revolucionando o mercado: Filamentos e Resinas para impress\u00e3o 3D. Raquetes de Beach Tennis com part\u00edculas de grafeno. A LCM e a Passatore Consultoria trazem hoje, a maior inova\u00e7\u00e3o do mercado de Beach Tennis, a raquete \u00e9 fabricada no Brasil com part\u00edculas de grafeno em [&hellip;]<\/p>\n","protected":false},"author":1,"featured_media":0,"parent":0,"menu_order":0,"comment_status":"closed","ping_status":"closed","template":"","meta":{"footnotes":""},"aioseo_notices":[],"_links":{"self":[{"href":"http:\/\/passatoreconsultoria.com.br\/index.php?rest_route=\/wp\/v2\/pages\/194"}],"collection":[{"href":"http:\/\/passatoreconsultoria.com.br\/index.php?rest_route=\/wp\/v2\/pages"}],"about":[{"href":"http:\/\/passatoreconsultoria.com.br\/index.php?rest_route=\/wp\/v2\/types\/page"}],"author":[{"embeddable":true,"href":"http:\/\/passatoreconsultoria.com.br\/index.php?rest_route=\/wp\/v2\/users\/1"}],"replies":[{"embeddable":true,"href":"http:\/\/passatoreconsultoria.com.br\/index.php?rest_route=%2Fwp%2Fv2%2Fcomments&post=194"}],"version-history":[{"count":6,"href":"http:\/\/passatoreconsultoria.com.br\/index.php?rest_route=\/wp\/v2\/pages\/194\/revisions"}],"predecessor-version":[{"id":283,"href":"http:\/\/passatoreconsultoria.com.br\/index.php?rest_route=\/wp\/v2\/pages\/194\/revisions\/283"}],"wp:attachment":[{"href":"http:\/\/passatoreconsultoria.com.br\/index.php?rest_route=%2Fwp%2Fv2%2Fmedia&parent=194"}],"curies":[{"name":"wp","href":"https:\/\/api.w.org\/{rel}","templated":true}]}}