{"id":38,"date":"2023-11-06T16:06:49","date_gmt":"2023-11-06T19:06:49","guid":{"rendered":"http:\/\/passatoreconsultoria.com.br\/?page_id=38"},"modified":"2023-11-18T11:04:53","modified_gmt":"2023-11-18T14:04:53","slug":"quem-somos","status":"publish","type":"page","link":"http:\/\/passatoreconsultoria.com.br\/?page_id=38","title":{"rendered":"Quem Somos"},"content":{"rendered":"\n<p><\/p>\n\n\n\n<div class=\"wp-block-columns is-layout-flex wp-container-4 wp-block-columns-is-layout-flex\">\n<div class=\"wp-block-column is-layout-flow wp-block-column-is-layout-flow\">\n<h2 class=\"wp-block-heading\"><strong>Miss\u00e3o:<\/strong><\/h2>\n\n\n\n<p>Criada em 2012 a \u201cPassatore\u201d tem como Miss\u00e3o: desenvolver, e ou comercializar projetos, produtos e servi\u00e7os com tecnologia adequada e inovadora que atendam \u00e0s necessidades dos Mercados com agilidade, efic\u00e1cia e dinamismo.<\/p>\n<\/div>\n\n\n\n<div class=\"wp-block-column is-layout-flow wp-block-column-is-layout-flow\">\n<h2 class=\"wp-block-heading\"><strong>Vis\u00e3o:<\/strong><\/h2>\n\n\n\n<p>A \u201cPassatore\u201d se transformou em 2021de uma Empresa de Consultorias para Consultorias e Com\u00e9rcio; e se consolidar\u00e1 pela cria\u00e7\u00e3o, desenvolvimento e venda de produtos, tecnologias e servi\u00e7os.<\/p>\n<\/div>\n\n\n\n<div class=\"wp-block-column is-layout-flow wp-block-column-is-layout-flow\">\n<h2 class=\"wp-block-heading\"><strong>Valores:<\/strong><\/h2>\n\n\n\n<p>Honestidade<br>Lealdade<br>\u00c9tica<br>Harmonia<br>Dedica\u00e7\u00e3o<br>Respeito<br>Sustentabilidade Social e Ambiental<\/p>\n<\/div>\n<\/div>\n\n\n\n<p><\/p>\n\n\n\n<h2 class=\"wp-block-heading\"><strong><em>ENG. ESP. CLAUDIO R. PASSATORE, MSc.<\/em><\/strong><\/h2>\n\n\n\n<figure class=\"wp-block-gallery alignright has-nested-images columns-default is-cropped wp-block-gallery-5 is-layout-flex wp-block-gallery-is-layout-flex\">\n<figure class=\"wp-block-image size-large\"><img decoding=\"async\" loading=\"lazy\" width=\"399\" height=\"364\" data-id=\"94\" src=\"http:\/\/passatoreconsultoria.com.br\/wp-content\/uploads\/2023\/11\/Palestra-1.jpg\" alt=\"\" class=\"wp-image-94\" srcset=\"http:\/\/passatoreconsultoria.com.br\/wp-content\/uploads\/2023\/11\/Palestra-1.jpg 399w, http:\/\/passatoreconsultoria.com.br\/wp-content\/uploads\/2023\/11\/Palestra-1-300x274.jpg 300w\" sizes=\"(max-width: 399px) 100vw, 399px\" \/><\/figure>\n<figcaption class=\"blocks-gallery-caption wp-element-caption\"><a href=\"http:\/\/lattes.cnpq.br\/1550538156004957\">http:\/\/lattes.cnpq.br\/1550538156004957<\/a><\/figcaption><\/figure>\n\n\n\n<p><strong><strong><em><span class=\"has-inline-color has-black-color\">Forma\u00e7\u00e3o \u2013 CREA e CRQ<\/span><\/em><\/strong><\/strong><br>   \u2022Mestre em Nanoci\u00eancias e Materiais Avan\u00e7ados &#8211; UFABC <br>    \u2022Especialista em Gest\u00e3o em Servi\u00e7os \u2013 Poli-USP Vanzolini <br>    \u2022Eng. Qu\u00edmico \u2013 Faculdades Oswaldo Cruz <br>    \u2022T\u00e9cnico em Pl\u00e1sticos; Mec\u00e2nica e El\u00e9trica<\/p>\n\n\n\n<p><strong><strong><em><strong><span class=\"has-inline-color has-black-color\">Experi\u00eancia Acad\u00eamica \u2013 mais de 12 anos<\/span><\/strong><\/em><\/strong><\/strong><br>Faculdades Oswaldo Cruz <br>    \u2022Professor Cursos Eng. de Produ\u00e7\u00e3o e Eng. Civil<\/p>\n\n\n\n<p><strong><strong><em><strong><strong><span class=\"has-inline-color has-black-color\">Experi\u00eancia Profissional \u2013 26 anos \u2013 Engenharia \/ Assist. T\u00e9cnica \/ Comercial<\/span><\/strong><\/strong><\/em><\/strong><\/strong><br>Chem4u Ind\u00fastria e Com\u00e9rcio <br>   \u2022Diretor de Opera\u00e7\u00f5es<br>MH Equipamentos e Ind\u00fastria de M\u00e1quinas <br>   \u2022Gerente Comercial \/ Engenharia \/ Assist\u00eancia T\u00e9cnica<br>Equiplastec Com\u00e9rcio de Pe\u00e7as e Manuten\u00e7\u00e3o <br>    \u2022Eng. de Assist\u00eancia T\u00e9cnica<\/p>\n\n\n\n<h2 class=\"wp-block-heading\"><strong>Experi\u00eancia Internacional:<\/strong><\/h2>\n\n\n\n<ul id=\"block-f146e851-d0da-4631-b29c-6bcef9e91cab\">\n<li><strong>Visita profissional aos pa\u00edses: Alemanha, China, M\u00e9xico, Col\u00f4mbia, Peru e Argentina.<\/strong><\/li>\n\n\n\n<li><strong>Feira internacional de pl\u00e1sticos Plastimagen em Ciudad del M\u00e9xico\/M\u00e9xico.<\/strong><\/li>\n\n\n\n<li><strong>Feira internacional de pl\u00e1sticos e borrachas K-2010 e K-2016 em Dusseldorf\/Alemanha.<\/strong><\/li>\n\n\n\n<li><strong>Feira internacional da ind\u00fastria do Pl\u00e1stico \u2013 Expo Plast Peru em Lima\/Peru.<\/strong><\/li>\n\n\n\n<li><strong>Feira internacional de pl\u00e1sticos, borrachas e petroqu\u00edmica Colombiaplast em Bogot\u00e1\/Col\u00f4mbia.<\/strong><\/li>\n\n\n\n<li><strong>Exposi\u00e7\u00e3o internacional pl\u00e1stico &#8211; Argenplas em Buenos Aires\/ Argentina.<\/strong><\/li>\n\n\n\n<li><strong>Curso de idiomas (for Business) em Vancouver, B.C. Canad\u00e1.<\/strong><\/li>\n<\/ul>\n\n\n\n<h2 class=\"wp-block-heading\"><strong>Publica\u00e7\u00f5es e Artigos Cient\u00edficos:<\/strong><\/h2>\n\n\n\n<ul>\n<li><strong>Disserta\u00e7\u00e3o de Mestrado: &#8220;Comp\u00f3sitos de polipropileno com refor\u00e7o de fibras vegetais: cambar\u00e1, coco, sisal e pia\u00e7ava\u201d.<\/strong> <\/li>\n\n\n\n<li><strong>TCC Especializa\u00e7\u00e3o: \u201cEstudo para aumento da capacidade produtiva da Empresa visando o acompanhamento da demanda no setor\u201d.<\/strong> <\/li>\n\n\n\n<li><strong>Monografia: \u201cEstudo do processo de mistura de materiais termopl\u00e1sticos s\u00f3lidos em extrusora dupla rosca co-rotante\u201d.<\/strong> <\/li>\n\n\n\n<li><strong>Dep\u00f3sito de patente como inventor: &#8220;Processo para obten\u00e7\u00e3o de polim\u00e9ricos com altos teores de fibras curtas de madeira cambar\u00e1 e produto resultante&#8221;.<\/strong> <\/li>\n\n\n\n<li><strong>Publica\u00e7\u00e3o de artigo em revista internacional: Preparation of polypropylene composites with high levels of coir short fiber for use in products by injection. Key Enginneering Materials. Trans Tech Publications.<\/strong> <\/li>\n\n\n\n<li><strong>Publica\u00e7\u00e3o de cap\u00edtulo de livro: The use of thermal volatilization analysis of polylactic acid and its blends with starch. Livro: Reactions and mechanisms in thermal analysis of materials. Editora Wiley.<\/strong><\/li>\n\n\n\n<li><strong>Participa\u00e7\u00e3o em mais de 20 Congressos, Simp\u00f3sios e Feiras Nacionais e Internacionais<\/strong><\/li>\n<\/ul>\n\n\n\n<p><strong>Membro CTEP \u2013 Comiss\u00e3o T\u00e9cnica de Elast\u00f4meros e Pol\u00edmeros &#8211; CRQ IV Regi\u00e3o<\/strong><\/p>\n","protected":false},"excerpt":{"rendered":"<p>Miss\u00e3o: Criada em 2012 a \u201cPassatore\u201d tem como Miss\u00e3o: desenvolver, e ou comercializar projetos, produtos e servi\u00e7os com tecnologia adequada e inovadora que atendam \u00e0s necessidades dos Mercados com agilidade, efic\u00e1cia e dinamismo. Vis\u00e3o: A \u201cPassatore\u201d se transformou em 2021de uma Empresa de Consultorias para Consultorias e Com\u00e9rcio; e se consolidar\u00e1 pela cria\u00e7\u00e3o, desenvolvimento e [&hellip;]<\/p>\n","protected":false},"author":1,"featured_media":0,"parent":0,"menu_order":0,"comment_status":"closed","ping_status":"closed","template":"","meta":{"footnotes":""},"aioseo_notices":[],"_links":{"self":[{"href":"http:\/\/passatoreconsultoria.com.br\/index.php?rest_route=\/wp\/v2\/pages\/38"}],"collection":[{"href":"http:\/\/passatoreconsultoria.com.br\/index.php?rest_route=\/wp\/v2\/pages"}],"about":[{"href":"http:\/\/passatoreconsultoria.com.br\/index.php?rest_route=\/wp\/v2\/types\/page"}],"author":[{"embeddable":true,"href":"http:\/\/passatoreconsultoria.com.br\/index.php?rest_route=\/wp\/v2\/users\/1"}],"replies":[{"embeddable":true,"href":"http:\/\/passatoreconsultoria.com.br\/index.php?rest_route=%2Fwp%2Fv2%2Fcomments&post=38"}],"version-history":[{"count":12,"href":"http:\/\/passatoreconsultoria.com.br\/index.php?rest_route=\/wp\/v2\/pages\/38\/revisions"}],"predecessor-version":[{"id":257,"href":"http:\/\/passatoreconsultoria.com.br\/index.php?rest_route=\/wp\/v2\/pages\/38\/revisions\/257"}],"wp:attachment":[{"href":"http:\/\/passatoreconsultoria.com.br\/index.php?rest_route=%2Fwp%2Fv2%2Fmedia&parent=38"}],"curies":[{"name":"wp","href":"https:\/\/api.w.org\/{rel}","templated":true}]}}