{"id":69,"date":"2023-11-06T17:19:39","date_gmt":"2023-11-06T20:19:39","guid":{"rendered":"http:\/\/passatoreconsultoria.com.br\/?page_id=69"},"modified":"2023-11-18T10:57:10","modified_gmt":"2023-11-18T13:57:10","slug":"a-passatore-uma-empresa-de-tecnologia-e-inovacao","status":"publish","type":"page","link":"http:\/\/passatoreconsultoria.com.br\/?page_id=69","title":{"rendered":"Consultoria"},"content":{"rendered":"\n<p><\/p>\n\n\n\n<p><\/p>\n\n\n\n<p><\/p>\n\n\n\n<h2 class=\"wp-block-heading\"><strong>Principais atividades: Consultoria, Desenvolvimento e Com\u00e9rcio de Produtos:<\/strong><\/h2>\n\n\n\n<ul>\n<li>Consultoria para escolha e desenvolvimento de processos e projetos industriais em mistura, aditiva\u00e7\u00e3o e homogeneiza\u00e7\u00e3o de pl\u00e1sticos e termopl\u00e1sticos. <\/li>\n\n\n\n<li>Melhorias de processo em m\u00e1quinas e equipamentos com projeto e manuten\u00e7\u00e3o para upgrade e ganhos de performance. <\/li>\n\n\n\n<li>Experi\u00eancias em processos produtivos diversos: inje\u00e7\u00e3o, extrus\u00e3o (mono e dupla rosca corotantes), misturadores reativos, Drais (Termocin\u00e9tico), usinagem em geral, etc.<\/li>\n\n\n\n<li>Formula\u00e7\u00f5es de masterbatchs, blendas, aditivos, nanoaditivos e comp\u00f3sitos polim\u00e9ricos \u2013 pigmentos, antichama, bactericida, antiodor, modificadores impacto, cargas refor\u00e7o mec\u00e2nico, grafeno, \u00f3xido de grafeno, nanotubo de carbono, repel\u00eancia a insetos, entre outros. <\/li>\n\n\n\n<li>Comp\u00f3sitos em poliolefinas e pol\u00edmeros biodegrad\u00e1veis (PLA, PBS, PBAT) com biomassa, fibras naturais e cargas&nbsp; lignocelul\u00f3sicos (WPC e Madeira Pl\u00e1stica).<\/li>\n\n\n\n<li>Produtos e servi\u00e7os na \u00e1rea de impress\u00e3o 3D com filamentos e resinas cura UV em PLA, ABS, PETg, PU, PS entre outros.<\/li>\n\n\n\n<li>Projetos para reciclagem, aditiva\u00e7\u00e3o, blenda e modifica\u00e7\u00e3o de reciclados de poliolefinas, poli\u00e9ster e nylon oriundos de tecidos, mantas e telas t\u00eaxteis. <\/li>\n\n\n\n<li>Prepara\u00e7\u00e3o de corpos de prova para ensaios mec\u00e2nicos variados.<\/li>\n\n\n\n<li>Desenvolvimento de produtos e tecnologias com prototipagem, estudo de mercado e plano de neg\u00f3cios para amplia\u00e7\u00e3o das vendas ou lan\u00e7amento de produtos com uso de ferramentas SWOT, CANVAS, 5W2H, entre outras.<\/li>\n<\/ul>\n\n\n\n<h2 class=\"wp-block-heading\"><strong>Infraestrutura: Laborat\u00f3rio para Desenvolvimentos e prototipagens<\/strong><\/h2>\n\n\n\n<div class=\"wp-block-group is-layout-flow wp-block-group-is-layout-flow\"><div class=\"wp-block-group__inner-container\">\n<div class=\"wp-block-group is-layout-flow wp-block-group-is-layout-flow\"><div class=\"wp-block-group__inner-container\">\n<div class=\"wp-block-columns is-layout-flex wp-container-3 wp-block-columns-is-layout-flex\">\n<div class=\"wp-block-column is-layout-flow wp-block-column-is-layout-flow\">\n<figure class=\"wp-block-image size-large\"><img decoding=\"async\" loading=\"lazy\" width=\"276\" height=\"206\" src=\"http:\/\/passatoreconsultoria.com.br\/wp-content\/uploads\/2023\/11\/Lab1.jpg\" alt=\"\" class=\"wp-image-75\"\/><\/figure>\n\n\n\n<figure class=\"wp-block-image size-large\"><img decoding=\"async\" loading=\"lazy\" width=\"276\" height=\"206\" src=\"http:\/\/passatoreconsultoria.com.br\/wp-content\/uploads\/2023\/11\/Lab3.jpg\" alt=\"\" class=\"wp-image-77\"\/><\/figure>\n\n\n\n<figure class=\"wp-block-image size-large\"><img decoding=\"async\" loading=\"lazy\" width=\"276\" height=\"206\" src=\"http:\/\/passatoreconsultoria.com.br\/wp-content\/uploads\/2023\/11\/Lab7.jpg\" alt=\"\" class=\"wp-image-81\"\/><\/figure>\n\n\n\n<figure class=\"wp-block-image size-large is-resized\"><img decoding=\"async\" loading=\"lazy\" width=\"176\" height=\"132\" src=\"http:\/\/passatoreconsultoria.com.br\/wp-content\/uploads\/2023\/11\/Lab8.jpg\" alt=\"\" class=\"wp-image-82\" style=\"width:278px;height:209px\"\/><\/figure>\n\n\n\n<figure class=\"wp-block-image size-large is-resized\"><img decoding=\"async\" loading=\"lazy\" width=\"155\" height=\"206\" src=\"http:\/\/passatoreconsultoria.com.br\/wp-content\/uploads\/2023\/11\/Lab10.jpg\" alt=\"\" class=\"wp-image-84\" style=\"width:238px;height:316px\"\/><\/figure>\n<\/div>\n\n\n\n<div class=\"wp-block-column is-layout-flow wp-block-column-is-layout-flow\">\n<figure class=\"wp-block-image size-large\"><img decoding=\"async\" loading=\"lazy\" width=\"275\" height=\"206\" src=\"http:\/\/passatoreconsultoria.com.br\/wp-content\/uploads\/2023\/11\/Lab2.jpg\" alt=\"\" class=\"wp-image-76\"\/><\/figure>\n\n\n\n<figure class=\"wp-block-image size-large\"><img decoding=\"async\" loading=\"lazy\" width=\"275\" height=\"206\" src=\"http:\/\/passatoreconsultoria.com.br\/wp-content\/uploads\/2023\/11\/Lab4.jpg\" alt=\"\" class=\"wp-image-78\"\/><\/figure>\n\n\n\n<figure class=\"wp-block-image size-large is-resized\"><img decoding=\"async\" loading=\"lazy\" width=\"275\" height=\"207\" src=\"http:\/\/passatoreconsultoria.com.br\/wp-content\/uploads\/2023\/11\/Lab6.jpg\" alt=\"\" class=\"wp-image-80\" style=\"width:275px;height:207px\"\/><\/figure>\n\n\n\n<figure class=\"wp-block-image size-large\"><img decoding=\"async\" loading=\"lazy\" width=\"275\" height=\"207\" src=\"http:\/\/passatoreconsultoria.com.br\/wp-content\/uploads\/2023\/11\/Lab9.jpg\" alt=\"\" class=\"wp-image-83\"\/><\/figure>\n\n\n\n<figure class=\"wp-block-image size-large is-resized\"><img decoding=\"async\" loading=\"lazy\" width=\"155\" height=\"206\" src=\"http:\/\/passatoreconsultoria.com.br\/wp-content\/uploads\/2023\/11\/Lab5-1.jpg\" alt=\"\" class=\"wp-image-85\" style=\"width:243px;height:323px\"\/><\/figure>\n<\/div>\n<\/div>\n<\/div><\/div>\n<\/div><\/div>\n\n\n\n<p><\/p>\n","protected":false},"excerpt":{"rendered":"<p>Principais atividades: Consultoria, Desenvolvimento e Com\u00e9rcio de Produtos: Infraestrutura: Laborat\u00f3rio para Desenvolvimentos e prototipagens<\/p>\n","protected":false},"author":1,"featured_media":0,"parent":133,"menu_order":0,"comment_status":"closed","ping_status":"closed","template":"","meta":{"footnotes":""},"aioseo_notices":[],"_links":{"self":[{"href":"http:\/\/passatoreconsultoria.com.br\/index.php?rest_route=\/wp\/v2\/pages\/69"}],"collection":[{"href":"http:\/\/passatoreconsultoria.com.br\/index.php?rest_route=\/wp\/v2\/pages"}],"about":[{"href":"http:\/\/passatoreconsultoria.com.br\/index.php?rest_route=\/wp\/v2\/types\/page"}],"author":[{"embeddable":true,"href":"http:\/\/passatoreconsultoria.com.br\/index.php?rest_route=\/wp\/v2\/users\/1"}],"replies":[{"embeddable":true,"href":"http:\/\/passatoreconsultoria.com.br\/index.php?rest_route=%2Fwp%2Fv2%2Fcomments&post=69"}],"version-history":[{"count":8,"href":"http:\/\/passatoreconsultoria.com.br\/index.php?rest_route=\/wp\/v2\/pages\/69\/revisions"}],"predecessor-version":[{"id":232,"href":"http:\/\/passatoreconsultoria.com.br\/index.php?rest_route=\/wp\/v2\/pages\/69\/revisions\/232"}],"up":[{"embeddable":true,"href":"http:\/\/passatoreconsultoria.com.br\/index.php?rest_route=\/wp\/v2\/pages\/133"}],"wp:attachment":[{"href":"http:\/\/passatoreconsultoria.com.br\/index.php?rest_route=%2Fwp%2Fv2%2Fmedia&parent=69"}],"curies":[{"name":"wp","href":"https:\/\/api.w.org\/{rel}","templated":true}]}}